{"id":194,"date":"2025-08-27T11:29:56","date_gmt":"2025-08-27T09:29:56","guid":{"rendered":"https:\/\/www.ipovisione.org\/?page_id=194"},"modified":"2025-09-19T01:44:45","modified_gmt":"2025-09-18T23:44:45","slug":"convegni-e-formazione","status":"publish","type":"page","link":"https:\/\/www.ipovisione.org\/index.php\/convegni-e-formazione\/","title":{"rendered":"Convegni e formazione"},"content":{"rendered":"\n<h3 data-beyondwords-marker=\"c4116f2e-bba0-4c05-891f-d2f8814183af\" class=\"wp-block-heading\">Convegni, Eventi e Corsi di Formazione ECM :<\/h3>\n\n\n\n<div data-beyondwords-marker=\"381c9e4b-880e-427d-9135-173c6562be42\" contenteditable=\"false\" class=\"wp-block-beyondwords-player\"><div data-beyondwords-player=\"true\" contenteditable=\"false\"><\/div><\/div>\n\n\n\n<p data-beyondwords-marker=\"74a07f0a-8280-455a-b732-06ce39ec1462\">L\u2019A.R.I.S., per l\u2019espletamento delle proprie attivit\u00e0, considera prioritaria la formazione sia per le persone con disabilit\u00e0 visiva sia per gli operatori medico-sociali che le affiancano.<br>In qualit\u00e0 di <strong>Ente Professionale accreditato ECM<\/strong>, l\u2019associazione organizza convegni, corsi e seminari formativi.<\/p>\n\n\n\n<div data-beyondwords-marker=\"ab14e932-d3ae-4fc3-bf70-13dc9104e9e9\" class=\"wp-block-columns is-layout-flex wp-container-core-columns-is-layout-9d6595d7 wp-block-columns-is-layout-flex\">\n<div data-beyondwords-marker=\"1873edac-1571-4221-b019-3ecbe84fddd4\" class=\"wp-block-column is-layout-flow wp-block-column-is-layout-flow\">\n<p data-beyondwords-marker=\"ef2fd708-150c-402e-bd9c-7a5f2b50f336\"><strong>Convegni<\/strong><\/p>\n\n\n\n<p data-beyondwords-marker=\"ef2fd708-150c-402e-bd9c-7a5f2b50f336\"><\/p>\n\n\n\n<p data-beyondwords-marker=\"dd0e7466-8a07-4b4d-a545-321683d1c47a\"><strong>27 Febbraio 2018<\/strong> \u00b7 Convegno Nazionale <em>\u201cLe malattie rare hanno bisogno della ricerca. I malati rari hanno bisogno di te\u201d<\/em> \u2013 Policlinico di Palermo<\/p>\n\n\n\n<p data-beyondwords-marker=\"7fe1e311-c1b4-4b7f-bca0-1d2b4255ff6f\"><strong>14 Ottobre 2017<\/strong> \u00b7 Convegno Nazionale <em>\u201cUpdate in tema di cheratocono\u201d<\/em> \u2013 Aula Magna \u201cM. Vignola\u201d A.O.O.R. Villa Sofia-Cervello, Palermo<\/p>\n\n\n\n<p data-beyondwords-marker=\"a8b1fbca-64a9-4963-8c9c-8caf7b69c99d\"><strong>27 Febbraio 2017<\/strong> \u00b7 X Giornata Mondiale delle Malattie Rare \u2013 <em>\u201cIl percorso di cura e l\u2019impegno scientifico sulle malattie rare dell\u2019area metropolitana di Palermo\u201d<\/em> \u2013 Policlinico di Palermo<\/p>\n\n\n\n<p data-beyondwords-marker=\"6a0e7b51-c002-4159-beed-0f981b972db7\"><strong>30 settembre \u2013 1 ottobre 2016<\/strong> \u00b7 XVI Congresso Nazionale di Ipovisione \u2013 <em>\u201cOptic neuropathy and low vision. To know, to prevent, to overcome\u201d<\/em> \u2013 Mondello Palace Hotel, Palermo<\/p>\n\n\n\n<p data-beyondwords-marker=\"e3d65f40-f758-453d-b6a3-b4677504341c\"><strong>27 Febbraio 2016<\/strong> \u00b7 Giornata Nazionale delle Malattie Rare \u2013 <em>\u201cUnitevi a noi per far sentire la Voce delle Malattie Rare\u201d<\/em> \u2013 Ospedale Cervello, Palermo<\/p>\n\n\n\n<p data-beyondwords-marker=\"9741ac3b-598a-4b12-be1e-7eef882db10d\"><strong>21 Novembre 2015<\/strong> \u00b7 Convegno <em>\u201cOcchio al Diabete. Dalla diagnosi alla Riabilitazione visiva\u201d<\/em> \u2013 Villa Magnisi, Palermo<\/p>\n\n\n\n<p data-beyondwords-marker=\"87f1a550-165f-49ff-b9bc-4b4ccf5ad8db\"><strong>28 Febbraio 2015<\/strong> \u00b7 Convegno Nazionale <em>\u201cVivere con una malattia rara giorno per giorno, mano nella mano!\u201d<\/em> \u2013 ASP 6, Palermo<\/p>\n\n\n\n<p data-beyondwords-marker=\"17e9f737-6429-40ea-a1a3-93f008ed6de8\"><strong>14 Novembre 2014<\/strong> \u00b7 Convegno Nazionale <em>\u201cLa riabilitazione visiva in et\u00e0 evolutiva \u2013 I centri italiani a confronto\u201d<\/em> \u2013 Osp. V. Cervello, Palermo<\/p>\n\n\n\n<p data-beyondwords-marker=\"3f5d1eb4-4163-41e8-b51b-627a765e0f6f\"><strong>13\u201314 Giugno 2014<\/strong> \u00b7 Evento formativo <em>\u201cIl facilitatore della comunicazione in ambito socio-sanitario\u201d<\/em> \u2013 Palermo<\/p>\n\n\n\n<p data-beyondwords-marker=\"f9259091-c25c-4825-9ca7-f009b9bb0c49\"><strong>25 Novembre 2009<\/strong> \u00b7 Convegno Nazionale <em>\u201cPsicologia della visione. Tra Ricerca e Servizi\u201d<\/em> \u2013 Palermo<\/p>\n\n\n\n<p data-beyondwords-marker=\"89eb3ac9-c762-4d79-8290-b41982af3cc0\"><strong>13 Novembre 2004<\/strong> \u00b7 Convegno Nazionale <em>\u201cL\u2019Acromatopsia e le patologie rare della retina\u201d<\/em> \u2013 Palermo<\/p>\n\n\n\n<p data-beyondwords-marker=\"5ccda5e9-1e44-4296-94da-e3cfedfb1d2f\"><strong>14 Giugno 2003<\/strong> \u00b7 Congresso <em>\u201cOCT: Nuove tecnologie di diagnosi in oftalmologia\u201d<\/em> \u2013 Palermo, con la presidenza onoraria di Rita Levi Montalcini<\/p>\n\n\n\n<p data-beyondwords-marker=\"5238d528-f8f8-4555-be53-97162b63032b\"><strong>16\u201317 Febbraio 2002<\/strong> \u00b7 III Congresso Nazionale <em>\u201cL\u2019ipovisione nelle malattie eredo-degenerative retiniche\u201d<\/em> \u2013 Palermo<\/p>\n\n\n\n<p data-beyondwords-marker=\"71cc0bad-f43e-42fc-939c-bd151cfdce00\"><strong>12 Giugno 2000<\/strong> \u00b7 Convegno Nazionale <em>\u201cL\u2019ipovisione: scenari del nuovo millennio\u201d<\/em> \u2013 Palermo<\/p>\n\n\n\n<p data-beyondwords-marker=\"5df831d2-b19a-49aa-99f7-b03a675b88d9\"><strong>5 Dicembre 1992<\/strong> \u00b7 Conferenza <em>\u201cAttualit\u00e0 e Prospettive nella ricerca e nella clinica della Retinite Pigmentosa\u201d<\/em> \u2013 Palermo<\/p>\n<\/div>\n\n\n\n<div data-beyondwords-marker=\"cbb9e094-048e-4b37-9fe2-ea187a6270db\" class=\"wp-block-column is-layout-flow wp-block-column-is-layout-flow\">\n<p data-beyondwords-marker=\"7594f806-d471-4dda-b4a7-31cdcb5ced68\"><strong>Corsi di formazione<\/strong><\/p>\n\n\n\n<p data-beyondwords-marker=\"7594f806-d471-4dda-b4a7-31cdcb5ced68\"><\/p>\n\n\n\n<p data-beyondwords-marker=\"3d34d20c-afac-4345-a835-54497360db4f\"><strong>5 \u2013 6 febbraio 2025<\/strong> \u00b7 <em>Primo meeting progetto Erasmus+ Deap<\/em> \u2013 Palermo<\/p>\n\n\n\n<p data-beyondwords-marker=\"7e8db299-ab4e-4481-b199-0d641eb92e00\"><strong>2023 \u2013 2024<\/strong> \u00b7 Corsi e seminari gratuiti finanziati dal Ministero del Lavoro e delle Politiche Sociali<\/p>\n\n\n\n<p data-beyondwords-marker=\"6f421813-6edd-4320-91bb-47fa226094b0\"><strong>4\u20135 Ottobre 2013<\/strong> \u00b7 Corso di formazione <em>\u201cDMS e Terza Et\u00e0: diagnosi, sperimentazione e riabilitazione\u201d<\/em><\/p>\n\n\n\n<p data-beyondwords-marker=\"f2bff402-1a90-44c5-940e-2afb2265aace\"><strong>21\u201322 Giugno 2013<\/strong> \u00b7 Corso di formazione <em>\u201cFacilitatore della comunicazione in ambito socio-sanitario\u201d<\/em><\/p>\n\n\n\n<p data-beyondwords-marker=\"e1d02dfe-67ea-4960-b6e2-adac550ccbe2\"><strong>16 Aprile \u2013 10 Luglio 2012<\/strong> \u00b7 Corso <em>\u201cIl volontario nella sanit\u00e0. L\u2019utilizzo moderno e mirato\u201d<\/em><\/p>\n\n\n\n<p data-beyondwords-marker=\"e3551cb1-f6c6-4873-b96a-0386ee59366b\"><strong>Maggio 2010<\/strong> \u00b7 Corso di formazione <em>\u201cDonazione e trapianto di cornee\u201d<\/em> \u2013 Villa Sofia-Cervello, Palermo<\/p>\n\n\n\n<p data-beyondwords-marker=\"acf587f1-3bc7-4ad9-b0fe-9e5b1b2802e4\"><strong>20\u201321 Novembre 2009<\/strong> \u00b7 1\u00b0 corso di riabilitazione visiva nell\u2019adulto ipovedente<\/p>\n\n\n\n<p data-beyondwords-marker=\"ba67f12c-474f-49e1-816c-9ad6866f9364\"><strong>Dal Dicembre 1998<\/strong> \u00b7 Iniziativa Comunitaria Horizon: corsi di formazione per operatori nelle relazioni d\u2019aiuto, telelavoro e riabilitazione della visione<\/p>\n\n\n\n<p data-beyondwords-marker=\"f9635eaf-5e81-4945-9292-2891f50cc1c0\"><strong>1998<\/strong> \u00b7 Corso di formazione e prevenzione <em>\u201cL\u2019ipovisione oggi\u201d<\/em><\/p>\n<\/div>\n\n\n\n<div data-beyondwords-marker=\"3f5f9a2a-d7d8-490a-ac18-041afdff3b52\" class=\"wp-block-column is-layout-flow wp-block-column-is-layout-flow\">\n<p data-beyondwords-marker=\"c1ef4406-1db1-4f86-a9b0-46e9d438b880\"><strong>Seminari, Presentazioni ed altri eventi<\/strong><\/p>\n\n\n\n<p data-beyondwords-marker=\"c1ef4406-1db1-4f86-a9b0-46e9d438b880\"><strong>8 Luglio 2023<\/strong> \u00b7 Presentazione del volume <em>\u201cUno sguardo lungo 30 anni\u201d<\/em> \u2013 Palermo<\/p>\n\n\n\n<p data-beyondwords-marker=\"673810dc-2b17-4ec1-b7eb-2c189ff62409\"><strong>16 Settembre 2022<\/strong> \u00b7 Inaugurazione sede IERFOP presso A.R.I.S. \u2013 Palermo<\/p>\n\n\n\n<p data-beyondwords-marker=\"3aa8927e-f3a7-4ddb-ae72-08502ee45ec9\"><strong>Ottobre 2021<\/strong> \u00b7 Webinar nazionale di presentazione del volume <em>\u201cMalattie rare in Sicilia\u201d<\/em><\/p>\n\n\n\n<p data-beyondwords-marker=\"690f25cc-391f-4daf-b51d-f2ec1cb79b8d\"><strong>24 Giugno 2017<\/strong> \u00b7 Seminario <em>\u201cMalattie rare e disabili sensoriali\u201d<\/em> \u2013 Osp. Cervello, Palermo<\/p>\n\n\n\n<p data-beyondwords-marker=\"c80aad1d-f210-4f54-a017-ba6ce30ebd26\"><strong>13 Maggio 2015<\/strong> \u00b7 Partecipazione alla <em>\u201cGiornata del bambino\/adolescente e delle famiglie\u201d<\/em> \u2013 Palermo<\/p>\n\n\n\n<p data-beyondwords-marker=\"535a8a70-83cd-4ab7-ba31-db755eeb0e9f\"><strong>Maggio 2009<\/strong> \u00b7 Concorso Nazionale di Poesia intitolato a Liborio Giuffr\u00e8<\/p>\n\n\n\n<p data-beyondwords-marker=\"31c45f75-f850-4bf4-998a-abfa4ff89730\"><strong>Novembre 2008<\/strong> \u00b7 Convegno <em>\u201cMalattie Rare: Ricerca, assistenza e volontariato\u201d<\/em> \u2013 Palermo<\/p>\n\n\n\n<p data-beyondwords-marker=\"2a0f3bc1-7379-493e-85a5-0b348ec27195\"><strong>Aprile 2008<\/strong> \u00b7 Convegno Provinciale <em>\u201cLe malattie genetiche: prevenzione, riabilitazione ed intervento multidisciplinare\u201d<\/em> \u2013 Alcamo<\/p>\n\n\n\n<p data-beyondwords-marker=\"3d4ac8b0-2c11-45e3-b174-f81bf5b4dc0e\"><strong>Da marzo a giugno 2008<\/strong> \u00b7 Corso per assistente alla comunicazione per disabili visiv<\/p>\n<\/div>\n<\/div>\n\n\n\n<p data-beyondwords-marker=\"f323dc75-be9b-4bbc-8874-5876b58a11e9\">A.R.I.S. \u00e8 stato <strong>Ente Gestore del progetto \u201cInsieme per l\u2019Autonomia\u201d<\/strong> \u2013 informazione qualificata per la conoscenza degli ipovedenti e la sensibilizzazione alle loro potenzialit\u00e0 occupazionali.<\/p>\n\n\n\n<p data-beyondwords-marker=\"1536e493-51a1-44ef-9151-8b00b82f96ea\">Sono stati realizzati corsi per:<\/p>\n\n\n\n<p data-beyondwords-marker=\"06c4971a-6af1-44da-8a9d-3749c2a57899\"><em>Psicologi rilevatori dei dati<\/em><\/p>\n\n\n\n<p data-beyondwords-marker=\"43c3e6c0-fc0c-4fc8-800b-5f59f7ec6e7c\"><em>Operatore dell\u2019informazione per disabili visivi<\/em><\/p>\n\n\n\n<p data-beyondwords-marker=\"a36083b1-0ec0-46d5-8d65-b2fd24d5da47\"><\/p>\n\n\n\n<p data-beyondwords-marker=\"6e5cefa7-f2e4-4382-9d1a-fdbc130a8a23\"><\/p>\n\n\n\n<p data-beyondwords-marker=\"eea0d22c-154c-4cde-bc4a-0aecd11246cd\"><\/p>\n","protected":false},"excerpt":{"rendered":"<p>Convegni, Eventi e Corsi di Formazione ECM : L\u2019A.R.I.S., per l\u2019espletamento delle proprie attivit\u00e0, considera prioritaria la formazione sia per le persone con disabilit\u00e0 visiva sia per gli operatori medico-sociali&hellip; <a class=\"continue\" href=\"https:\/\/www.ipovisione.org\/index.php\/convegni-e-formazione\/\">Continue Reading<span> Convegni e formazione<\/span><\/a><\/p>\n","protected":false},"author":1,"featured_media":0,"parent":0,"menu_order":0,"comment_status":"closed","ping_status":"closed","template":"","meta":{"footnotes":"","beyondwords_generate_audio":"1","beyondwords_project_id":"52641","beyondwords_content_id":"78feb851-a38a-434a-850f-198ce4b8f0e3","beyondwords_preview_token":"0eff035e-f551-4733-97b3-c790603ef3b4","beyondwords_player_content":"","beyondwords_player_style":"","beyondwords_language_code":"it_IT","beyondwords_language_id":"","beyondwords_title_voice_id":"","beyondwords_body_voice_id":"","beyondwords_summary_voice_id":"","beyondwords_error_message":"","beyondwords_disabled":"","beyondwords_delete_content":"","beyondwords_podcast_id":"","beyondwords_hash":"","publish_post_to_speechkit":"","speechkit_hash":"","speechkit_generate_audio":"","speechkit_project_id":"","speechkit_podcast_id":"","speechkit_error_message":"","speechkit_disabled":"","speechkit_access_key":"","speechkit_error":"","speechkit_info":"","speechkit_response":"","speechkit_retries":"","speechkit_status":"","speechkit_updated_at":"","_speechkit_link":"","_speechkit_text":""},"class_list":["post-194","page","type-page","status-publish","hentry"],"yoast_head":"<!-- This site is optimized with the Yoast SEO plugin v25.4 - https:\/\/yoast.com\/wordpress\/plugins\/seo\/ -->\r\n<title>Convegni e formazione - Ipovisione<\/title>\r\n<meta name=\"robots\" content=\"index, follow, max-snippet:-1, max-image-preview:large, max-video-preview:-1\" \/>\r\n<link rel=\"canonical\" href=\"https:\/\/www.ipovisione.org\/index.php\/convegni-e-formazione\/\" \/>\r\n<meta property=\"og:locale\" content=\"it_IT\" \/>\r\n<meta property=\"og:type\" content=\"article\" \/>\r\n<meta property=\"og:title\" content=\"Convegni e formazione - Ipovisione\" \/>\r\n<meta property=\"og:description\" content=\"Convegni, Eventi e Corsi di Formazione ECM : L\u2019A.R.I.S., per l\u2019espletamento delle proprie attivit\u00e0, considera prioritaria la formazione sia per le persone con disabilit\u00e0 visiva sia per gli operatori medico-sociali&hellip; Continue Reading Convegni e formazione\" \/>\r\n<meta property=\"og:url\" content=\"https:\/\/www.ipovisione.org\/index.php\/convegni-e-formazione\/\" \/>\r\n<meta property=\"og:site_name\" content=\"Ipovisione\" \/>\r\n<meta property=\"article:publisher\" content=\"https:\/\/www.facebook.com\/p\/ARIS-100079926692700\/\" \/>\r\n<meta property=\"article:modified_time\" content=\"2025-09-18T23:44:45+00:00\" \/>\r\n<meta name=\"twitter:card\" content=\"summary_large_image\" \/>\r\n<meta name=\"twitter:label1\" content=\"Tempo di lettura stimato\" \/>\n\t<meta name=\"twitter:data1\" content=\"4 minuti\" \/>\r\n<script type=\"application\/ld+json\" class=\"yoast-schema-graph\">{\"@context\":\"https:\/\/schema.org\",\"@graph\":[{\"@type\":\"WebPage\",\"@id\":\"https:\/\/www.ipovisione.org\/index.php\/convegni-e-formazione\/\",\"url\":\"https:\/\/www.ipovisione.org\/index.php\/convegni-e-formazione\/\",\"name\":\"Convegni e formazione - Ipovisione\",\"isPartOf\":{\"@id\":\"https:\/\/www.ipovisione.org\/#website\"},\"datePublished\":\"2025-08-27T09:29:56+00:00\",\"dateModified\":\"2025-09-18T23:44:45+00:00\",\"breadcrumb\":{\"@id\":\"https:\/\/www.ipovisione.org\/index.php\/convegni-e-formazione\/#breadcrumb\"},\"inLanguage\":\"it-IT\",\"potentialAction\":[{\"@type\":\"ReadAction\",\"target\":[\"https:\/\/www.ipovisione.org\/index.php\/convegni-e-formazione\/\"]}]},{\"@type\":\"BreadcrumbList\",\"@id\":\"https:\/\/www.ipovisione.org\/index.php\/convegni-e-formazione\/#breadcrumb\",\"itemListElement\":[{\"@type\":\"ListItem\",\"position\":1,\"name\":\"Home\",\"item\":\"https:\/\/www.ipovisione.org\/\"},{\"@type\":\"ListItem\",\"position\":2,\"name\":\"Convegni e formazione\"}]},{\"@type\":\"WebSite\",\"@id\":\"https:\/\/www.ipovisione.org\/#website\",\"url\":\"https:\/\/www.ipovisione.org\/\",\"name\":\"Ipovisione\",\"description\":\"I nostri occhi, il vostro sapere\",\"publisher\":{\"@id\":\"https:\/\/www.ipovisione.org\/#organization\"},\"potentialAction\":[{\"@type\":\"SearchAction\",\"target\":{\"@type\":\"EntryPoint\",\"urlTemplate\":\"https:\/\/www.ipovisione.org\/?s={search_term_string}\"},\"query-input\":{\"@type\":\"PropertyValueSpecification\",\"valueRequired\":true,\"valueName\":\"search_term_string\"}}],\"inLanguage\":\"it-IT\"},{\"@type\":\"Organization\",\"@id\":\"https:\/\/www.ipovisione.org\/#organization\",\"name\":\"ARIS\",\"url\":\"https:\/\/www.ipovisione.org\/\",\"logo\":{\"@type\":\"ImageObject\",\"inLanguage\":\"it-IT\",\"@id\":\"https:\/\/www.ipovisione.org\/#\/schema\/logo\/image\/\",\"url\":\"https:\/\/www.ipovisione.org\/wp-content\/uploads\/2025\/09\/cropped-ChatGPT-Image-19-set-2025-00_45_41-Copia-Copia.png\",\"contentUrl\":\"https:\/\/www.ipovisione.org\/wp-content\/uploads\/2025\/09\/cropped-ChatGPT-Image-19-set-2025-00_45_41-Copia-Copia.png\",\"width\":400,\"height\":90,\"caption\":\"ARIS\"},\"image\":{\"@id\":\"https:\/\/www.ipovisione.org\/#\/schema\/logo\/image\/\"},\"sameAs\":[\"https:\/\/www.facebook.com\/p\/ARIS-100079926692700\/\"]}]}<\/script>\r\n<!-- \/ Yoast SEO plugin. -->","yoast_head_json":{"title":"Convegni e formazione - Ipovisione","robots":{"index":"index","follow":"follow","max-snippet":"max-snippet:-1","max-image-preview":"max-image-preview:large","max-video-preview":"max-video-preview:-1"},"canonical":"https:\/\/www.ipovisione.org\/index.php\/convegni-e-formazione\/","og_locale":"it_IT","og_type":"article","og_title":"Convegni e formazione - Ipovisione","og_description":"Convegni, Eventi e Corsi di Formazione ECM : L\u2019A.R.I.S., per l\u2019espletamento delle proprie attivit\u00e0, considera prioritaria la formazione sia per le persone con disabilit\u00e0 visiva sia per gli operatori medico-sociali&hellip; Continue Reading Convegni e formazione","og_url":"https:\/\/www.ipovisione.org\/index.php\/convegni-e-formazione\/","og_site_name":"Ipovisione","article_publisher":"https:\/\/www.facebook.com\/p\/ARIS-100079926692700\/","article_modified_time":"2025-09-18T23:44:45+00:00","twitter_card":"summary_large_image","twitter_misc":{"Tempo di lettura stimato":"4 minuti"},"schema":{"@context":"https:\/\/schema.org","@graph":[{"@type":"WebPage","@id":"https:\/\/www.ipovisione.org\/index.php\/convegni-e-formazione\/","url":"https:\/\/www.ipovisione.org\/index.php\/convegni-e-formazione\/","name":"Convegni e formazione - Ipovisione","isPartOf":{"@id":"https:\/\/www.ipovisione.org\/#website"},"datePublished":"2025-08-27T09:29:56+00:00","dateModified":"2025-09-18T23:44:45+00:00","breadcrumb":{"@id":"https:\/\/www.ipovisione.org\/index.php\/convegni-e-formazione\/#breadcrumb"},"inLanguage":"it-IT","potentialAction":[{"@type":"ReadAction","target":["https:\/\/www.ipovisione.org\/index.php\/convegni-e-formazione\/"]}]},{"@type":"BreadcrumbList","@id":"https:\/\/www.ipovisione.org\/index.php\/convegni-e-formazione\/#breadcrumb","itemListElement":[{"@type":"ListItem","position":1,"name":"Home","item":"https:\/\/www.ipovisione.org\/"},{"@type":"ListItem","position":2,"name":"Convegni e formazione"}]},{"@type":"WebSite","@id":"https:\/\/www.ipovisione.org\/#website","url":"https:\/\/www.ipovisione.org\/","name":"Ipovisione","description":"I nostri occhi, il vostro sapere","publisher":{"@id":"https:\/\/www.ipovisione.org\/#organization"},"potentialAction":[{"@type":"SearchAction","target":{"@type":"EntryPoint","urlTemplate":"https:\/\/www.ipovisione.org\/?s={search_term_string}"},"query-input":{"@type":"PropertyValueSpecification","valueRequired":true,"valueName":"search_term_string"}}],"inLanguage":"it-IT"},{"@type":"Organization","@id":"https:\/\/www.ipovisione.org\/#organization","name":"ARIS","url":"https:\/\/www.ipovisione.org\/","logo":{"@type":"ImageObject","inLanguage":"it-IT","@id":"https:\/\/www.ipovisione.org\/#\/schema\/logo\/image\/","url":"https:\/\/www.ipovisione.org\/wp-content\/uploads\/2025\/09\/cropped-ChatGPT-Image-19-set-2025-00_45_41-Copia-Copia.png","contentUrl":"https:\/\/www.ipovisione.org\/wp-content\/uploads\/2025\/09\/cropped-ChatGPT-Image-19-set-2025-00_45_41-Copia-Copia.png","width":400,"height":90,"caption":"ARIS"},"image":{"@id":"https:\/\/www.ipovisione.org\/#\/schema\/logo\/image\/"},"sameAs":["https:\/\/www.facebook.com\/p\/ARIS-100079926692700\/"]}]}},"jetpack_sharing_enabled":true,"_links":{"self":[{"href":"https:\/\/www.ipovisione.org\/index.php\/wp-json\/wp\/v2\/pages\/194","targetHints":{"allow":["GET"]}}],"collection":[{"href":"https:\/\/www.ipovisione.org\/index.php\/wp-json\/wp\/v2\/pages"}],"about":[{"href":"https:\/\/www.ipovisione.org\/index.php\/wp-json\/wp\/v2\/types\/page"}],"author":[{"embeddable":true,"href":"https:\/\/www.ipovisione.org\/index.php\/wp-json\/wp\/v2\/users\/1"}],"replies":[{"embeddable":true,"href":"https:\/\/www.ipovisione.org\/index.php\/wp-json\/wp\/v2\/comments?post=194"}],"version-history":[{"count":5,"href":"https:\/\/www.ipovisione.org\/index.php\/wp-json\/wp\/v2\/pages\/194\/revisions"}],"predecessor-version":[{"id":438,"href":"https:\/\/www.ipovisione.org\/index.php\/wp-json\/wp\/v2\/pages\/194\/revisions\/438"}],"wp:attachment":[{"href":"https:\/\/www.ipovisione.org\/index.php\/wp-json\/wp\/v2\/media?parent=194"}],"curies":[{"name":"wp","href":"https:\/\/api.w.org\/{rel}","templated":true}]}}