{"id":39,"date":"2025-07-07T15:10:54","date_gmt":"2025-07-07T13:10:54","guid":{"rendered":"https:\/\/www.ipovisione.org\/?page_id=39"},"modified":"2025-09-18T18:47:34","modified_gmt":"2025-09-18T16:47:34","slug":"chi-siamo","status":"publish","type":"page","link":"https:\/\/www.ipovisione.org\/index.php\/chi-siamo\/","title":{"rendered":"Chi siamo"},"content":{"rendered":"\n<p data-beyondwords-marker=\"7cc4eb26-3556-49a2-912d-3987c655d884\"><\/p>\n\n\n\n<div data-beyondwords-marker=\"92c45fbf-f27b-4c31-94f4-1d60318bf669\" contenteditable=\"false\" class=\"wp-block-beyondwords-player\"><div data-beyondwords-player=\"true\" contenteditable=\"false\"><\/div><\/div>\n\n\n\n<div data-beyondwords-marker=\"63f6c2e6-faf8-4053-8ec5-f20a89f363b6\" class=\"wp-block-media-text is-stacked-on-mobile is-style-default\" style=\"grid-template-columns:38% auto\"><figure class=\"wp-block-media-text__media\"><img loading=\"lazy\" decoding=\"async\" width=\"1024\" height=\"1024\" src=\"https:\/\/www.ipovisione.org\/wp-content\/uploads\/2025\/07\/nuovo-aris.png\" alt=\"\" class=\"wp-image-63 size-full\" srcset=\"https:\/\/www.ipovisione.org\/wp-content\/uploads\/2025\/07\/nuovo-aris.png 1024w, https:\/\/www.ipovisione.org\/wp-content\/uploads\/2025\/07\/nuovo-aris-300x300.png 300w, https:\/\/www.ipovisione.org\/wp-content\/uploads\/2025\/07\/nuovo-aris-150x150.png 150w, https:\/\/www.ipovisione.org\/wp-content\/uploads\/2025\/07\/nuovo-aris-768x768.png 768w\" sizes=\"auto, (max-width: 1024px) 100vw, 1024px\" \/><\/figure><div class=\"wp-block-media-text__content\">\n<p data-beyondwords-marker=\"5824e9e7-1610-48ee-8a3f-356b77e29fab\"><strong><em>ASSOCIAZIONE<\/em><\/strong><strong><em> <\/em><\/strong><strong><em>RETINOPATICI<\/em><\/strong><strong><em> <\/em><\/strong><strong><em>ED<\/em><\/strong><strong><em> <\/em><\/strong><strong><em>IPOVEDENTI<\/em><\/strong><strong><em> <\/em><\/strong><strong><em>SICILIANI<\/em><\/strong><strong><em><\/em><\/strong><br><\/p>\n\n\n\n<p data-beyondwords-marker=\"1114e72d-352f-483b-9fda-5362337853cb\">L\u2019A.R.I.S. \u00e8 un\u2019associazione no profit, federata sul piano nazionale a FIRI &#8211; Federazione Italiana Retina &nbsp;e &nbsp;Ipovisione, &nbsp;a &nbsp;UNIAMO &nbsp;&#8211; Federazione &nbsp;Italiana Malattie Rare Onlus, ed \u00e8 tra i fondatori della societ\u00e0 scientifica Low&nbsp; Vision Academy Italy.<\/p>\n<\/div><\/div>\n\n\n\n<p data-beyondwords-marker=\"15349684-03a1-4065-9aaf-b122115d48b4\"><strong>LA NOSTRA STORIA<\/strong><\/p>\n\n\n\n<p data-beyondwords-marker=\"42482d20-5af9-4b0d-b880-11c55848a308\">Costituita legalmente nel 1991, l\u2019A.R.I.S. \u00e8 stata la prima associazione in Sicilia &nbsp;nata con l\u2019obiettivo di garantire assistenza, informazione, sviluppo della ricerca scientifica, prevenzione, cura e sostegno psicologico ai soggetti affetti da retinite pigmentosa e da altre patologie eredo-degenerative retiniche che causano ipovisione e cecit\u00e0. Nel corso degli anni ha allargato i propri orizzonti e finalit\u00e0, raggiungendo competenze e specificit\u00e0 tali da divenire interlocutore privilegiato per gli Enti Pubblici, Associazioni di Volontariato, Universit\u00e0 e Societ\u00e0 Scientifiche che si occupano a vario titolo di disabilit\u00e0 sensoriale.<\/p>\n\n\n\n<p data-beyondwords-marker=\"3ee7296a-30a7-4487-a518-ecb5cc84132a\">L\u2019A.R.I.S. infatti \u00e8 inserita all\u2019interno di un solido network che a livello locale ha stipulato accordi di programma e convenzioni con alcune delle pi\u00f9 importanti istituzioni sia pubbliche che private, deputate alla tutela del cittadino disabile, nonch\u00e9 alla sua integrazione sociale.<\/p>\n\n\n\n<p data-beyondwords-marker=\"f1dfe006-86c5-484b-ad2d-f053c871df85\">Ad oggi l\u2019A.R.I.S. partecipa ai Comitati Consultivi delle aziende dell&#8217;area metropolitana di Palermo (Az. Osp. ARNAS Civico, Azienda ISMETT, A.O.O.R. Villa Sofia- Cervello dove ha la presidenza, Az. Osp. Universitaria Policlinico \u201cPaolo Giaccone\u201d, Asp6). Il suo Presidente, Rocco Di Lorenzo, ricopre anche le cariche di: presidente Unione Associazioni No Profit-Societ\u00e0 e Salute Onlus (Coordinamento di 30 Associazioni che operano in forma consortile nel settore socio-sanitario, molte delle quali si occupano specificatamente delle malattie rare), Componente dell\u2019Organismo territoriale per la promozione dei diritti delle persone con disabilit\u00e0 presso il Comune di Palermo, Componente del Coordinamento Regionale Sicilia delle Malattie Rare, Componente del Tavolo tecnico Regionale delle Associazioni di volontariato impegnate nella promozione della cultura della donazione e trapianto di organi e tessuti (C.O.T.T.A.V.) d\u2019intesa con il Centro Regionale Trapianti Sicilia, Direttore responsabile trimestrale rivista Ipovisione,  componente del Comitato Scientifico Low Vision Accademy Italy.<\/p>\n\n\n\n<p data-beyondwords-marker=\"d8d97f9a-8703-4a66-a1eb-0475746fe8eb\">Inoltre, ha anche ricoperto precedentemente le cariche di presidente Unione Associazioni No Profit-Societ\u00e0 e Salute Onlus,  Presidente della Federazione Italiana Retina e Ipovisione (F.I.R.I), Componente del Comitato Etico Palermo 2 in qualit\u00e0 di rappresentante del volontariato o associazionismo di tutela dei pazienti, Direttore Responsabile rivista trimestrale Unione News.<\/p>\n\n\n\n<p data-beyondwords-marker=\"d73b1af0-9ca2-4c26-8409-7da6653ad9e7\">L\u2019A.R.I.S. dal 2013 \u00e8 stato Provider ECM ed \u00e8 un ente accreditato di classe IV per il Servizio Civile Nazionale.<\/p>\n\n\n\n<p data-beyondwords-marker=\"afab2951-03c7-4353-9e4f-a66c86b7057d\"><strong>I NOSTRI SCOPI<\/strong><\/p>\n\n\n\n<p data-beyondwords-marker=\"773021ae-efaf-4057-a994-b9bf2385038c\">Le nostre attivit\u00e0 sono principalmente orientate al miglioramento della qualit\u00e0 della vita degli ipovedenti e dei loro familiari, interagendo con strutture e servizi presenti sul territorio.<\/p>\n\n\n\n<p data-beyondwords-marker=\"240858ec-f7c2-4cfe-92c3-cbb9ba18ed66\">Nello specifico ,gli  scopi dell\u2019associazione sono:<\/p>\n\n\n\n<ul data-beyondwords-marker=\"88a7eca2-18d5-4af0-bff8-645c30cac3ff\" class=\"wp-block-list\">\n<li data-beyondwords-marker=\"bf7dee8f-f7a3-49c2-8a48-1a9b8c3af890\"><em>sviluppare e potenziare la ricerca scientifica e l\u2019assistenza in ambito della disabilit\u00e0 visiva;<\/em><\/li>\n\n\n\n<li data-beyondwords-marker=\"cf290a86-2111-44b3-b0d9-df72b8e5f521\"><em>sostenere psicologicamente i pazienti affetti da RP e da ipovisione;<\/em><\/li>\n\n\n\n<li data-beyondwords-marker=\"ec2f067f-01da-416b-a4ed-18b5a07c42c5\"><em>promuovere progetti finalizzati<\/em><em> <\/em><em>all\u2019inserimento<\/em><em> <\/em><em>socio-lavorativo-assistenziale <\/em><em>di disabili della vista;<\/em><\/li>\n\n\n\n<li data-beyondwords-marker=\"39452e37-dc2b-4195-89a2-def51e4ea2d5\"><em>promuovere iniziative presso Enti Pubblici e Privati per l\u2019adeguamento delle strutture sociali al fine di consentirne l\u2019uso agli ipovedenti e comunque per favorire il loro integrale inserimento nella quotidianit\u00e0 della vita sociale;<\/em><\/li>\n\n\n\n<li data-beyondwords-marker=\"03650bc1-4947-476b-b4f2-84ddb0afb27f\"><em>contribuire ad una sensibilizzazione sulle problematiche relative all\u2019ipovisione tramite la diffusione di informazioni specialistiche;<\/em><\/li>\n\n\n\n<li data-beyondwords-marker=\"d94e7247-ede0-445d-9813-0e52930b9512\"><em>promuovere attivit\u00e0 socio-culturali;<\/em><\/li>\n\n\n\n<li data-beyondwords-marker=\"ee2db41c-15d0-45ef-bc58-aedfeb663dcc\"><em>promuovere l\u2019aggiornamento e la diffusione dei pi\u00f9 moderni e avanzati sistemi terapeutici e di sostegno oltre agli ausili ottici ed informatici per ipovedenti;<\/em><\/li>\n\n\n\n<li data-beyondwords-marker=\"6dc1627f-e3fe-476d-b6e6-5004856e7d37\"><em>garantire la continuit\u00e0 dei trattamenti terapeutici e dei supporti anche agli associati in condizioni economiche disagiate;<\/em><\/li>\n\n\n\n<li data-beyondwords-marker=\"5e30c81b-ef5b-477a-abc7-b4b728544e8b\"><em>promuovere e rivendicare l&#8217;impegno delle istituzioni a favore delle persone deboli e svantaggiate e dell\u2019affermazione dei loro diritti;<\/em><\/li>\n\n\n\n<li data-beyondwords-marker=\"236e03fa-cf46-41ea-8cc9-13f2ebaebded\"><em>contribuire ad una sensibilizzazione e ad un\u2019informazione sulla donazione e sul trapianto di cornee, coerentemente con gli obiettivi del CRT Sicilia (Centro Regionale Trapianti).<\/em><\/li>\n<\/ul>\n\n\n\n<p data-beyondwords-marker=\"2a321841-6619-4dbd-809f-237335881c17\"><strong>LA NOSTRA INFORMAZIONE <\/strong><\/p>\n\n\n\n<ul data-beyondwords-marker=\"6bbc904c-5312-4340-ad0d-ce096925da77\" class=\"wp-block-list\">\n<li data-beyondwords-marker=\"89501f02-76ab-44e8-beae-117d213af44c\"><em>Dal 2014 <strong><u>al 2018<\/u> <\/strong>\u00e8 stato redattore di Unione NewsLetter, un bollettino socio-sanitario edito da \u201cUnione delle Associazioni No Profit\u201d;<\/em><\/li>\n<\/ul>\n\n\n\n<ul data-beyondwords-marker=\"ebc9355b-d622-49fb-be0c-9e2f8997620e\" class=\"wp-block-list\">\n<li data-beyondwords-marker=\"1b8fe0a3-9f66-441b-bb7c-3bff019cc83d\"><strong> <\/strong>Dal 2011al 2013 \u00e8 editore della rivista trimestrale \u201cUnione News\u201d, periodico di informazione, scienza e cultura;<\/li>\n<\/ul>\n\n\n\n<ul data-beyondwords-marker=\"27c9b64f-2599-4ea6-b983-20cb0c842e81\" class=\"wp-block-list\">\n<li data-beyondwords-marker=\"65a5d5ef-6446-40d1-a86b-1af10a57949c\"><em>Dal 2005 ha realizzato diverse attivit\u00e0 di informazione e sensibilizzazione a favore dell\u2019incremento della donazione e dei trapianti di cornee: sia tramite la promozione di spettacoli teatrali quali \u201cInsieme oltre le barriere \u2013 incontro per la donazione delle cornee\u201d (2005) presso il Teatro Politeama in collaborazione con Banca degli occhi Lions e CRT Sicilia e \u201cLe note dell\u2019arte. Donare la Cornea per dare la vista\u201d (2011) presso il Teatro Savio in collaborazione con la Provincia Regionale di Palermo e il CRT-Sicilia.<\/em><\/li>\n\n\n\n<li data-beyondwords-marker=\"586c53ad-7437-4bf2-9249-5a29a8daa1ab\"><em>Da Luglio 2000 \u00e8 Editore della rivista trimestrale sulla disabilit\u00e0 visiva: \u201cIpovisione: scienza, informazione, cultura e mercato\u201d (Direttore Responsabile \u00e8 il Presidente dell\u2019A.R.I.S.) unica in Sicilia specializzata nel settore e a diffusione nazionale; la rivista \u00e8 curata da giornalisti specializzati e operatori del settore delle disabilit\u00e0;<\/em><\/li>\n\n\n\n<li data-beyondwords-marker=\"1a11e6ba-ac53-4e14-a80e-5bf0bcce4bcd\"><em>Dal 1994 al 1999 ha curato e diretto la redazione e la stampa della rivista scientifica specializzata sulla disabilit\u00e0 visiva &#8220;LUMEN&#8221;, oggi organo di Retina Italia;<\/em><\/li>\n<\/ul>\n\n\n\n<p data-beyondwords-marker=\"f8ae3872-a82a-4a33-9770-6123c19c0deb\"><strong>La rivista &#8220;Ipovisione&#8221;<\/strong><\/p>\n\n\n\n<p data-beyondwords-marker=\"b5adc83c-e673-4a98-8fc3-3a1912d19f6d\">L\u2019A.R.I.S. \u00e8 editrice della rivista trimestrale a tiratura nazionale \u201cIpovisione \u2013 Scienza, Informazione, Cultura e Mercato\u201d, che affronta la tematica della disabilit\u00e0 visiva, approfondendo argomenti di natura scientifica, legislativa, lavorativa, psicologica, sociale e culturale. La rivista, registrata al Tribunale di Palermo con decreto n. 19 del 20-25\/07\/2000, \u00e8 composta da un numero variabile di articoli pi\u00f9 box di approfondimento, per un totale di 24-28 pagine a colori. Viene distribuita a tutti gli abbonati ed \u00e8 di facile consultazione sul sito dell\u2019A.R.I.S. \u201cipovisione.org\u201d. Sia il sito che la rivista hanno tenuto conto dei requisiti della Legge Stanca, ovvero requisiti di accessibilit\u00e0 per quanto riguarda principalmente le dimensioni del carattere, il contrasto e l\u2019intensit\u00e0 dei colori, l\u2019interlinea e la spaziatura del testo, tanto che per alcuni anni la rivista fu addirittura composta da circa 48 pagine, proprio per l\u2019elevata dimensione dei caratteri. Gli argomenti trattati affrontati da medici, oculisti, ortottisti, psicologi e giornalisti, danno un grande contributo nell\u2019informare e sensibilizzare il target di riferimento, in particolare i pazienti e i professionisti delle strutture socio-sanitarie.<br>Via via, con l\u2019avanzare delle tecnologie, si \u00e8 ridotto il numero di copie cartacee; oggi l\u2019A.R.I.S. \u00e8 in grado di distribuire la rivista a migliaia di professionisti direttamente attraverso l\u2019invio in posta elettronica di un documento in formato PDF, questo facilita anche l\u2019ipovedente e il soggetto non vedente, che pu\u00f2 consultare la rivista attraverso programmi di lettura appropriati presenti sullo smartphone.<br>Originariamente venivano stampate e distribuite sul territorio nazionale circa 5000 copie per uscita.  Ai non vedenti (e agli ipovedenti gravi) attualmente offriamo un servizio di spedizione di CD audio. Ancora oggi dopo 25 anni il direttore responsabile della rivista \u00e8 sempre Rocco Di Lorenzo e la redazione \u00e8 costituita anche anche da Dario Matranga (giornalista che ha svolto attivit\u00e0 di volontariato con l\u2019ARIS) e da Mariano Lombardi, che \u00e8 un esperto nazionale di comunicazione, oltre che obiettore di coscienza dell\u2019A.R.I.S. nell\u2019anno 2000. Rocco Di Lorenzo e Mariano Lombardi hanno ideato il titolo della rivista e il titolo del sito.<\/p>\n\n\n\n<p data-beyondwords-marker=\"b264baf3-ad15-44e8-805c-9ca3df430630\"><br><\/p>\n","protected":false},"excerpt":{"rendered":"<p>ASSOCIAZIONE RETINOPATICI ED IPOVEDENTI SICILIANI L\u2019A.R.I.S. \u00e8 un\u2019associazione no profit, federata sul piano nazionale a FIRI &#8211; Federazione Italiana Retina &nbsp;e &nbsp;Ipovisione, &nbsp;a &nbsp;UNIAMO &nbsp;&#8211; Federazione &nbsp;Italiana Malattie Rare Onlus,&hellip; <a class=\"continue\" href=\"https:\/\/www.ipovisione.org\/index.php\/chi-siamo\/\">Continue Reading<span> Chi siamo<\/span><\/a><\/p>\n","protected":false},"author":1,"featured_media":0,"parent":0,"menu_order":0,"comment_status":"closed","ping_status":"closed","template":"","meta":{"footnotes":"","beyondwords_generate_audio":"1","beyondwords_project_id":"52641","beyondwords_content_id":"0d41459b-446c-424e-9918-09efc88f416d","beyondwords_preview_token":"bebb6965-b370-4632-a01d-16fcd1828038","beyondwords_player_content":"","beyondwords_player_style":"","beyondwords_language_code":"it_IT","beyondwords_language_id":"","beyondwords_title_voice_id":"","beyondwords_body_voice_id":"","beyondwords_summary_voice_id":"","beyondwords_error_message":"","beyondwords_disabled":"","beyondwords_delete_content":"","beyondwords_podcast_id":"","beyondwords_hash":"","publish_post_to_speechkit":"","speechkit_hash":"","speechkit_generate_audio":"","speechkit_project_id":"","speechkit_podcast_id":"","speechkit_error_message":"","speechkit_disabled":"","speechkit_access_key":"","speechkit_error":"","speechkit_info":"","speechkit_response":"","speechkit_retries":"","speechkit_status":"","speechkit_updated_at":"","_speechkit_link":"","_speechkit_text":""},"class_list":["post-39","page","type-page","status-publish","hentry"],"yoast_head":"<!-- This site is optimized with the Yoast SEO plugin v25.4 - https:\/\/yoast.com\/wordpress\/plugins\/seo\/ -->\r\n<title>Chi siamo - Ipovisione<\/title>\r\n<meta name=\"robots\" content=\"index, follow, max-snippet:-1, max-image-preview:large, max-video-preview:-1\" \/>\r\n<link rel=\"canonical\" href=\"https:\/\/www.ipovisione.org\/index.php\/chi-siamo\/\" \/>\r\n<meta property=\"og:locale\" content=\"it_IT\" \/>\r\n<meta property=\"og:type\" content=\"article\" \/>\r\n<meta property=\"og:title\" content=\"Chi siamo - Ipovisione\" \/>\r\n<meta property=\"og:description\" content=\"ASSOCIAZIONE RETINOPATICI ED IPOVEDENTI SICILIANI L\u2019A.R.I.S. \u00e8 un\u2019associazione no profit, federata sul piano nazionale a FIRI &#8211; Federazione Italiana Retina &nbsp;e &nbsp;Ipovisione, &nbsp;a &nbsp;UNIAMO &nbsp;&#8211; Federazione &nbsp;Italiana Malattie Rare Onlus,&hellip; Continue Reading Chi siamo\" \/>\r\n<meta property=\"og:url\" content=\"https:\/\/www.ipovisione.org\/index.php\/chi-siamo\/\" \/>\r\n<meta property=\"og:site_name\" content=\"Ipovisione\" \/>\r\n<meta property=\"article:publisher\" content=\"https:\/\/www.facebook.com\/p\/ARIS-100079926692700\/\" \/>\r\n<meta property=\"article:modified_time\" content=\"2025-09-18T16:47:34+00:00\" \/>\r\n<meta property=\"og:image\" content=\"https:\/\/www.ipovisione.org\/wp-content\/uploads\/2025\/07\/nuovo-aris.png\" \/>\r\n\t<meta property=\"og:image:width\" content=\"1024\" \/>\r\n\t<meta property=\"og:image:height\" content=\"1024\" \/>\r\n\t<meta property=\"og:image:type\" content=\"image\/png\" \/>\r\n<meta name=\"twitter:card\" content=\"summary_large_image\" \/>\r\n<meta name=\"twitter:label1\" content=\"Tempo di lettura stimato\" \/>\n\t<meta name=\"twitter:data1\" content=\"7 minuti\" \/>\r\n<script type=\"application\/ld+json\" class=\"yoast-schema-graph\">{\"@context\":\"https:\/\/schema.org\",\"@graph\":[{\"@type\":\"Article\",\"@id\":\"https:\/\/www.ipovisione.org\/index.php\/chi-siamo\/#article\",\"isPartOf\":{\"@id\":\"https:\/\/www.ipovisione.org\/index.php\/chi-siamo\/\"},\"author\":{\"name\":\"Admin.Aris\",\"@id\":\"https:\/\/www.ipovisione.org\/#\/schema\/person\/0189c4601f196f8049e380b49fde3278\"},\"headline\":\"Chi siamo\",\"datePublished\":\"2025-07-07T13:10:54+00:00\",\"dateModified\":\"2025-09-18T16:47:34+00:00\",\"mainEntityOfPage\":{\"@id\":\"https:\/\/www.ipovisione.org\/index.php\/chi-siamo\/\"},\"wordCount\":1155,\"publisher\":{\"@id\":\"https:\/\/www.ipovisione.org\/#organization\"},\"image\":{\"@id\":\"https:\/\/www.ipovisione.org\/index.php\/chi-siamo\/#primaryimage\"},\"thumbnailUrl\":\"https:\/\/www.ipovisione.org\/wp-content\/uploads\/2025\/07\/nuovo-aris.png\",\"inLanguage\":\"it-IT\"},{\"@type\":[\"WebPage\",\"AboutPage\"],\"@id\":\"https:\/\/www.ipovisione.org\/index.php\/chi-siamo\/\",\"url\":\"https:\/\/www.ipovisione.org\/index.php\/chi-siamo\/\",\"name\":\"Chi siamo - Ipovisione\",\"isPartOf\":{\"@id\":\"https:\/\/www.ipovisione.org\/#website\"},\"primaryImageOfPage\":{\"@id\":\"https:\/\/www.ipovisione.org\/index.php\/chi-siamo\/#primaryimage\"},\"image\":{\"@id\":\"https:\/\/www.ipovisione.org\/index.php\/chi-siamo\/#primaryimage\"},\"thumbnailUrl\":\"https:\/\/www.ipovisione.org\/wp-content\/uploads\/2025\/07\/nuovo-aris.png\",\"datePublished\":\"2025-07-07T13:10:54+00:00\",\"dateModified\":\"2025-09-18T16:47:34+00:00\",\"breadcrumb\":{\"@id\":\"https:\/\/www.ipovisione.org\/index.php\/chi-siamo\/#breadcrumb\"},\"inLanguage\":\"it-IT\",\"potentialAction\":[{\"@type\":\"ReadAction\",\"target\":[\"https:\/\/www.ipovisione.org\/index.php\/chi-siamo\/\"]}]},{\"@type\":\"ImageObject\",\"inLanguage\":\"it-IT\",\"@id\":\"https:\/\/www.ipovisione.org\/index.php\/chi-siamo\/#primaryimage\",\"url\":\"https:\/\/www.ipovisione.org\/wp-content\/uploads\/2025\/07\/nuovo-aris.png\",\"contentUrl\":\"https:\/\/www.ipovisione.org\/wp-content\/uploads\/2025\/07\/nuovo-aris.png\",\"width\":1024,\"height\":1024},{\"@type\":\"BreadcrumbList\",\"@id\":\"https:\/\/www.ipovisione.org\/index.php\/chi-siamo\/#breadcrumb\",\"itemListElement\":[{\"@type\":\"ListItem\",\"position\":1,\"name\":\"Home\",\"item\":\"https:\/\/www.ipovisione.org\/\"},{\"@type\":\"ListItem\",\"position\":2,\"name\":\"Chi siamo\"}]},{\"@type\":\"WebSite\",\"@id\":\"https:\/\/www.ipovisione.org\/#website\",\"url\":\"https:\/\/www.ipovisione.org\/\",\"name\":\"Ipovisione\",\"description\":\"I nostri occhi, il vostro sapere\",\"publisher\":{\"@id\":\"https:\/\/www.ipovisione.org\/#organization\"},\"potentialAction\":[{\"@type\":\"SearchAction\",\"target\":{\"@type\":\"EntryPoint\",\"urlTemplate\":\"https:\/\/www.ipovisione.org\/?s={search_term_string}\"},\"query-input\":{\"@type\":\"PropertyValueSpecification\",\"valueRequired\":true,\"valueName\":\"search_term_string\"}}],\"inLanguage\":\"it-IT\"},{\"@type\":\"Organization\",\"@id\":\"https:\/\/www.ipovisione.org\/#organization\",\"name\":\"ARIS\",\"url\":\"https:\/\/www.ipovisione.org\/\",\"logo\":{\"@type\":\"ImageObject\",\"inLanguage\":\"it-IT\",\"@id\":\"https:\/\/www.ipovisione.org\/#\/schema\/logo\/image\/\",\"url\":\"https:\/\/www.ipovisione.org\/wp-content\/uploads\/2025\/09\/cropped-ChatGPT-Image-19-set-2025-00_45_41-Copia-Copia.png\",\"contentUrl\":\"https:\/\/www.ipovisione.org\/wp-content\/uploads\/2025\/09\/cropped-ChatGPT-Image-19-set-2025-00_45_41-Copia-Copia.png\",\"width\":400,\"height\":90,\"caption\":\"ARIS\"},\"image\":{\"@id\":\"https:\/\/www.ipovisione.org\/#\/schema\/logo\/image\/\"},\"sameAs\":[\"https:\/\/www.facebook.com\/p\/ARIS-100079926692700\/\"]},{\"@type\":\"Person\",\"@id\":\"https:\/\/www.ipovisione.org\/#\/schema\/person\/0189c4601f196f8049e380b49fde3278\",\"name\":\"Admin.Aris\",\"image\":{\"@type\":\"ImageObject\",\"inLanguage\":\"it-IT\",\"@id\":\"https:\/\/www.ipovisione.org\/#\/schema\/person\/image\/\",\"url\":\"https:\/\/secure.gravatar.com\/avatar\/dd16d1928a578cfebd64742c77c2f6a497b60463b6e7b1634b65be2b51ea631a?s=96&d=mm&r=g\",\"contentUrl\":\"https:\/\/secure.gravatar.com\/avatar\/dd16d1928a578cfebd64742c77c2f6a497b60463b6e7b1634b65be2b51ea631a?s=96&d=mm&r=g\",\"caption\":\"Admin.Aris\"},\"sameAs\":[\"http:\/\/www.ipovisione.org\"],\"url\":\"https:\/\/www.ipovisione.org\/index.php\/author\/admin-aris\/\"}]}<\/script>\r\n<!-- \/ Yoast SEO plugin. -->","yoast_head_json":{"title":"Chi siamo - Ipovisione","robots":{"index":"index","follow":"follow","max-snippet":"max-snippet:-1","max-image-preview":"max-image-preview:large","max-video-preview":"max-video-preview:-1"},"canonical":"https:\/\/www.ipovisione.org\/index.php\/chi-siamo\/","og_locale":"it_IT","og_type":"article","og_title":"Chi siamo - Ipovisione","og_description":"ASSOCIAZIONE RETINOPATICI ED IPOVEDENTI SICILIANI L\u2019A.R.I.S. \u00e8 un\u2019associazione no profit, federata sul piano nazionale a FIRI &#8211; Federazione Italiana Retina &nbsp;e &nbsp;Ipovisione, &nbsp;a &nbsp;UNIAMO &nbsp;&#8211; Federazione &nbsp;Italiana Malattie Rare Onlus,&hellip; Continue Reading Chi siamo","og_url":"https:\/\/www.ipovisione.org\/index.php\/chi-siamo\/","og_site_name":"Ipovisione","article_publisher":"https:\/\/www.facebook.com\/p\/ARIS-100079926692700\/","article_modified_time":"2025-09-18T16:47:34+00:00","og_image":[{"width":1024,"height":1024,"url":"https:\/\/www.ipovisione.org\/wp-content\/uploads\/2025\/07\/nuovo-aris.png","type":"image\/png"}],"twitter_card":"summary_large_image","twitter_misc":{"Tempo di lettura stimato":"7 minuti"},"schema":{"@context":"https:\/\/schema.org","@graph":[{"@type":"Article","@id":"https:\/\/www.ipovisione.org\/index.php\/chi-siamo\/#article","isPartOf":{"@id":"https:\/\/www.ipovisione.org\/index.php\/chi-siamo\/"},"author":{"name":"Admin.Aris","@id":"https:\/\/www.ipovisione.org\/#\/schema\/person\/0189c4601f196f8049e380b49fde3278"},"headline":"Chi siamo","datePublished":"2025-07-07T13:10:54+00:00","dateModified":"2025-09-18T16:47:34+00:00","mainEntityOfPage":{"@id":"https:\/\/www.ipovisione.org\/index.php\/chi-siamo\/"},"wordCount":1155,"publisher":{"@id":"https:\/\/www.ipovisione.org\/#organization"},"image":{"@id":"https:\/\/www.ipovisione.org\/index.php\/chi-siamo\/#primaryimage"},"thumbnailUrl":"https:\/\/www.ipovisione.org\/wp-content\/uploads\/2025\/07\/nuovo-aris.png","inLanguage":"it-IT"},{"@type":["WebPage","AboutPage"],"@id":"https:\/\/www.ipovisione.org\/index.php\/chi-siamo\/","url":"https:\/\/www.ipovisione.org\/index.php\/chi-siamo\/","name":"Chi siamo - Ipovisione","isPartOf":{"@id":"https:\/\/www.ipovisione.org\/#website"},"primaryImageOfPage":{"@id":"https:\/\/www.ipovisione.org\/index.php\/chi-siamo\/#primaryimage"},"image":{"@id":"https:\/\/www.ipovisione.org\/index.php\/chi-siamo\/#primaryimage"},"thumbnailUrl":"https:\/\/www.ipovisione.org\/wp-content\/uploads\/2025\/07\/nuovo-aris.png","datePublished":"2025-07-07T13:10:54+00:00","dateModified":"2025-09-18T16:47:34+00:00","breadcrumb":{"@id":"https:\/\/www.ipovisione.org\/index.php\/chi-siamo\/#breadcrumb"},"inLanguage":"it-IT","potentialAction":[{"@type":"ReadAction","target":["https:\/\/www.ipovisione.org\/index.php\/chi-siamo\/"]}]},{"@type":"ImageObject","inLanguage":"it-IT","@id":"https:\/\/www.ipovisione.org\/index.php\/chi-siamo\/#primaryimage","url":"https:\/\/www.ipovisione.org\/wp-content\/uploads\/2025\/07\/nuovo-aris.png","contentUrl":"https:\/\/www.ipovisione.org\/wp-content\/uploads\/2025\/07\/nuovo-aris.png","width":1024,"height":1024},{"@type":"BreadcrumbList","@id":"https:\/\/www.ipovisione.org\/index.php\/chi-siamo\/#breadcrumb","itemListElement":[{"@type":"ListItem","position":1,"name":"Home","item":"https:\/\/www.ipovisione.org\/"},{"@type":"ListItem","position":2,"name":"Chi siamo"}]},{"@type":"WebSite","@id":"https:\/\/www.ipovisione.org\/#website","url":"https:\/\/www.ipovisione.org\/","name":"Ipovisione","description":"I nostri occhi, il vostro sapere","publisher":{"@id":"https:\/\/www.ipovisione.org\/#organization"},"potentialAction":[{"@type":"SearchAction","target":{"@type":"EntryPoint","urlTemplate":"https:\/\/www.ipovisione.org\/?s={search_term_string}"},"query-input":{"@type":"PropertyValueSpecification","valueRequired":true,"valueName":"search_term_string"}}],"inLanguage":"it-IT"},{"@type":"Organization","@id":"https:\/\/www.ipovisione.org\/#organization","name":"ARIS","url":"https:\/\/www.ipovisione.org\/","logo":{"@type":"ImageObject","inLanguage":"it-IT","@id":"https:\/\/www.ipovisione.org\/#\/schema\/logo\/image\/","url":"https:\/\/www.ipovisione.org\/wp-content\/uploads\/2025\/09\/cropped-ChatGPT-Image-19-set-2025-00_45_41-Copia-Copia.png","contentUrl":"https:\/\/www.ipovisione.org\/wp-content\/uploads\/2025\/09\/cropped-ChatGPT-Image-19-set-2025-00_45_41-Copia-Copia.png","width":400,"height":90,"caption":"ARIS"},"image":{"@id":"https:\/\/www.ipovisione.org\/#\/schema\/logo\/image\/"},"sameAs":["https:\/\/www.facebook.com\/p\/ARIS-100079926692700\/"]},{"@type":"Person","@id":"https:\/\/www.ipovisione.org\/#\/schema\/person\/0189c4601f196f8049e380b49fde3278","name":"Admin.Aris","image":{"@type":"ImageObject","inLanguage":"it-IT","@id":"https:\/\/www.ipovisione.org\/#\/schema\/person\/image\/","url":"https:\/\/secure.gravatar.com\/avatar\/dd16d1928a578cfebd64742c77c2f6a497b60463b6e7b1634b65be2b51ea631a?s=96&d=mm&r=g","contentUrl":"https:\/\/secure.gravatar.com\/avatar\/dd16d1928a578cfebd64742c77c2f6a497b60463b6e7b1634b65be2b51ea631a?s=96&d=mm&r=g","caption":"Admin.Aris"},"sameAs":["http:\/\/www.ipovisione.org"],"url":"https:\/\/www.ipovisione.org\/index.php\/author\/admin-aris\/"}]}},"jetpack_sharing_enabled":true,"_links":{"self":[{"href":"https:\/\/www.ipovisione.org\/index.php\/wp-json\/wp\/v2\/pages\/39","targetHints":{"allow":["GET"]}}],"collection":[{"href":"https:\/\/www.ipovisione.org\/index.php\/wp-json\/wp\/v2\/pages"}],"about":[{"href":"https:\/\/www.ipovisione.org\/index.php\/wp-json\/wp\/v2\/types\/page"}],"author":[{"embeddable":true,"href":"https:\/\/www.ipovisione.org\/index.php\/wp-json\/wp\/v2\/users\/1"}],"replies":[{"embeddable":true,"href":"https:\/\/www.ipovisione.org\/index.php\/wp-json\/wp\/v2\/comments?post=39"}],"version-history":[{"count":6,"href":"https:\/\/www.ipovisione.org\/index.php\/wp-json\/wp\/v2\/pages\/39\/revisions"}],"predecessor-version":[{"id":415,"href":"https:\/\/www.ipovisione.org\/index.php\/wp-json\/wp\/v2\/pages\/39\/revisions\/415"}],"wp:attachment":[{"href":"https:\/\/www.ipovisione.org\/index.php\/wp-json\/wp\/v2\/media?parent=39"}],"curies":[{"name":"wp","href":"https:\/\/api.w.org\/{rel}","templated":true}]}}